{"id":1388,"date":"2025-02-18T23:31:42","date_gmt":"2025-02-18T20:31:42","guid":{"rendered":"https:\/\/bandirmaelektrik.com\/?page_id=1388"},"modified":"2025-03-05T00:54:28","modified_gmt":"2025-03-04T21:54:28","slug":"ariza-rehberi","status":"publish","type":"page","link":"https:\/\/bandirmaelektrik.com\/?page_id=1388","title":{"rendered":"Ar\u0131za Rehberi"},"content":{"rendered":"<p>[vc_row][vc_column][vc_wp_search][vc_basic_grid post_type=&#8221;post&#8221; max_items=&#8221;1000&#8243; grid_id=&#8221;vc_gid:1741125254582-607e04c3-eabc-1&#8243; taxonomies=&#8221;54&#8243;][\/vc_column][\/vc_row][vc_row][vc_column][\/vc_column][\/vc_row]<\/p>\n","protected":false},"excerpt":{"rendered":"<p>[vc_row][vc_column][vc_wp_search][vc_basic_grid post_type=&#8221;post&#8221; max_items=&#8221;1000&#8243; grid_id=&#8221;vc_gid:1741125254582-607e04c3-eabc-1&#8243; taxonomies=&#8221;54&#8243;][\/vc_column][\/vc_row][vc_row][vc_column][\/vc_column][\/vc_row]<\/p>\n","protected":false},"author":1,"featured_media":0,"parent":0,"menu_order":0,"comment_status":"closed","ping_status":"closed","template":"","meta":{"footnotes":""},"class_list":["post-1388","page","type-page","status-publish","hentry"],"yoast_head":"<!-- This site is optimized with the Yoast SEO plugin v26.4 - https:\/\/yoast.com\/wordpress\/plugins\/seo\/ -->\n<title>Ar\u0131za Rehberi - Band\u0131rma Elektrik &amp; Elektronik &amp; Bili\u015fim<\/title>\n<meta name=\"robots\" content=\"index, follow, max-snippet:-1, max-image-preview:large, max-video-preview:-1\" \/>\n<link rel=\"canonical\" href=\"https:\/\/bandirmaelektrik.com\/?page_id=1388\" \/>\n<meta property=\"og:locale\" content=\"tr_TR\" \/>\n<meta property=\"og:type\" content=\"article\" \/>\n<meta property=\"og:title\" content=\"Ar\u0131za Rehberi - Band\u0131rma Elektrik &amp; Elektronik &amp; Bili\u015fim\" \/>\n<meta property=\"og:description\" content=\"[vc_row][vc_column][vc_wp_search][vc_basic_grid post_type=&#8221;post&#8221; max_items=&#8221;1000&#8243; grid_id=&#8221;vc_gid:1741125254582-607e04c3-eabc-1&#8243; taxonomies=&#8221;54&#8243;][\/vc_column][\/vc_row][vc_row][vc_column][\/vc_column][\/vc_row]\" \/>\n<meta property=\"og:url\" content=\"https:\/\/bandirmaelektrik.com\/?page_id=1388\" \/>\n<meta property=\"og:site_name\" content=\"Band\u0131rma Elektrik &amp; Elektronik &amp; Bili\u015fim\" \/>\n<meta property=\"article:modified_time\" content=\"2025-03-04T21:54:28+00:00\" \/>\n<meta name=\"twitter:card\" content=\"summary_large_image\" \/>\n<script type=\"application\/ld+json\" class=\"yoast-schema-graph\">{\"@context\":\"https:\/\/schema.org\",\"@graph\":[{\"@type\":\"WebPage\",\"@id\":\"https:\/\/bandirmaelektrik.com\/?page_id=1388\",\"url\":\"https:\/\/bandirmaelektrik.com\/?page_id=1388\",\"name\":\"Ar\u0131za Rehberi - Band\u0131rma Elektrik &amp; Elektronik &amp; Bili\u015fim\",\"isPartOf\":{\"@id\":\"https:\/\/bandirmaelektrik.com\/#website\"},\"datePublished\":\"2025-02-18T20:31:42+00:00\",\"dateModified\":\"2025-03-04T21:54:28+00:00\",\"breadcrumb\":{\"@id\":\"https:\/\/bandirmaelektrik.com\/?page_id=1388#breadcrumb\"},\"inLanguage\":\"tr\",\"potentialAction\":[{\"@type\":\"ReadAction\",\"target\":[\"https:\/\/bandirmaelektrik.com\/?page_id=1388\"]}]},{\"@type\":\"BreadcrumbList\",\"@id\":\"https:\/\/bandirmaelektrik.com\/?page_id=1388#breadcrumb\",\"itemListElement\":[{\"@type\":\"ListItem\",\"position\":1,\"name\":\"Ana sayfa\",\"item\":\"https:\/\/bandirmaelektrik.com\/\"},{\"@type\":\"ListItem\",\"position\":2,\"name\":\"Ar\u0131za Rehberi\"}]},{\"@type\":\"WebSite\",\"@id\":\"https:\/\/bandirmaelektrik.com\/#website\",\"url\":\"https:\/\/bandirmaelektrik.com\/\",\"name\":\"Band\u0131rma Elektrik &amp; Elektronik &amp; Bili\u015fim\",\"description\":\"7\/24 Band\u0131rma Elektrik&ccedil;i\",\"publisher\":{\"@id\":\"https:\/\/bandirmaelektrik.com\/#organization\"},\"potentialAction\":[{\"@type\":\"SearchAction\",\"target\":{\"@type\":\"EntryPoint\",\"urlTemplate\":\"https:\/\/bandirmaelektrik.com\/?s={search_term_string}\"},\"query-input\":{\"@type\":\"PropertyValueSpecification\",\"valueRequired\":true,\"valueName\":\"search_term_string\"}}],\"inLanguage\":\"tr\"},{\"@type\":\"Organization\",\"@id\":\"https:\/\/bandirmaelektrik.com\/#organization\",\"name\":\"Band\u0131rma Elektrik\",\"url\":\"https:\/\/bandirmaelektrik.com\/\",\"logo\":{\"@type\":\"ImageObject\",\"inLanguage\":\"tr\",\"@id\":\"https:\/\/bandirmaelektrik.com\/#\/schema\/logo\/image\/\",\"url\":\"https:\/\/bandirmaelektrik.com\/wp-content\/uploads\/2020\/03\/logo2.png\",\"contentUrl\":\"https:\/\/bandirmaelektrik.com\/wp-content\/uploads\/2020\/03\/logo2.png\",\"width\":140,\"height\":49,\"caption\":\"Band\u0131rma Elektrik\"},\"image\":{\"@id\":\"https:\/\/bandirmaelektrik.com\/#\/schema\/logo\/image\/\"}}]}<\/script>\n<!-- \/ Yoast SEO plugin. -->","yoast_head_json":{"title":"Ar\u0131za Rehberi - Band\u0131rma Elektrik &amp; Elektronik &amp; Bili\u015fim","robots":{"index":"index","follow":"follow","max-snippet":"max-snippet:-1","max-image-preview":"max-image-preview:large","max-video-preview":"max-video-preview:-1"},"canonical":"https:\/\/bandirmaelektrik.com\/?page_id=1388","og_locale":"tr_TR","og_type":"article","og_title":"Ar\u0131za Rehberi - Band\u0131rma Elektrik &amp; Elektronik &amp; Bili\u015fim","og_description":"[vc_row][vc_column][vc_wp_search][vc_basic_grid post_type=&#8221;post&#8221; max_items=&#8221;1000&#8243; grid_id=&#8221;vc_gid:1741125254582-607e04c3-eabc-1&#8243; taxonomies=&#8221;54&#8243;][\/vc_column][\/vc_row][vc_row][vc_column][\/vc_column][\/vc_row]","og_url":"https:\/\/bandirmaelektrik.com\/?page_id=1388","og_site_name":"Band\u0131rma Elektrik &amp; Elektronik &amp; Bili\u015fim","article_modified_time":"2025-03-04T21:54:28+00:00","twitter_card":"summary_large_image","schema":{"@context":"https:\/\/schema.org","@graph":[{"@type":"WebPage","@id":"https:\/\/bandirmaelektrik.com\/?page_id=1388","url":"https:\/\/bandirmaelektrik.com\/?page_id=1388","name":"Ar\u0131za Rehberi - Band\u0131rma Elektrik &amp; Elektronik &amp; Bili\u015fim","isPartOf":{"@id":"https:\/\/bandirmaelektrik.com\/#website"},"datePublished":"2025-02-18T20:31:42+00:00","dateModified":"2025-03-04T21:54:28+00:00","breadcrumb":{"@id":"https:\/\/bandirmaelektrik.com\/?page_id=1388#breadcrumb"},"inLanguage":"tr","potentialAction":[{"@type":"ReadAction","target":["https:\/\/bandirmaelektrik.com\/?page_id=1388"]}]},{"@type":"BreadcrumbList","@id":"https:\/\/bandirmaelektrik.com\/?page_id=1388#breadcrumb","itemListElement":[{"@type":"ListItem","position":1,"name":"Ana sayfa","item":"https:\/\/bandirmaelektrik.com\/"},{"@type":"ListItem","position":2,"name":"Ar\u0131za Rehberi"}]},{"@type":"WebSite","@id":"https:\/\/bandirmaelektrik.com\/#website","url":"https:\/\/bandirmaelektrik.com\/","name":"Band\u0131rma Elektrik &amp; Elektronik &amp; Bili\u015fim","description":"7\/24 Band\u0131rma Elektrik&ccedil;i","publisher":{"@id":"https:\/\/bandirmaelektrik.com\/#organization"},"potentialAction":[{"@type":"SearchAction","target":{"@type":"EntryPoint","urlTemplate":"https:\/\/bandirmaelektrik.com\/?s={search_term_string}"},"query-input":{"@type":"PropertyValueSpecification","valueRequired":true,"valueName":"search_term_string"}}],"inLanguage":"tr"},{"@type":"Organization","@id":"https:\/\/bandirmaelektrik.com\/#organization","name":"Band\u0131rma Elektrik","url":"https:\/\/bandirmaelektrik.com\/","logo":{"@type":"ImageObject","inLanguage":"tr","@id":"https:\/\/bandirmaelektrik.com\/#\/schema\/logo\/image\/","url":"https:\/\/bandirmaelektrik.com\/wp-content\/uploads\/2020\/03\/logo2.png","contentUrl":"https:\/\/bandirmaelektrik.com\/wp-content\/uploads\/2020\/03\/logo2.png","width":140,"height":49,"caption":"Band\u0131rma Elektrik"},"image":{"@id":"https:\/\/bandirmaelektrik.com\/#\/schema\/logo\/image\/"}}]}},"_links":{"self":[{"href":"https:\/\/bandirmaelektrik.com\/index.php?rest_route=\/wp\/v2\/pages\/1388","targetHints":{"allow":["GET"]}}],"collection":[{"href":"https:\/\/bandirmaelektrik.com\/index.php?rest_route=\/wp\/v2\/pages"}],"about":[{"href":"https:\/\/bandirmaelektrik.com\/index.php?rest_route=\/wp\/v2\/types\/page"}],"author":[{"embeddable":true,"href":"https:\/\/bandirmaelektrik.com\/index.php?rest_route=\/wp\/v2\/users\/1"}],"replies":[{"embeddable":true,"href":"https:\/\/bandirmaelektrik.com\/index.php?rest_route=%2Fwp%2Fv2%2Fcomments&post=1388"}],"version-history":[{"count":6,"href":"https:\/\/bandirmaelektrik.com\/index.php?rest_route=\/wp\/v2\/pages\/1388\/revisions"}],"predecessor-version":[{"id":1391,"href":"https:\/\/bandirmaelektrik.com\/index.php?rest_route=\/wp\/v2\/pages\/1388\/revisions\/1391"}],"wp:attachment":[{"href":"https:\/\/bandirmaelektrik.com\/index.php?rest_route=%2Fwp%2Fv2%2Fmedia&parent=1388"}],"curies":[{"name":"wp","href":"https:\/\/api.w.org\/{rel}","templated":true}]}}